{"id":56,"date":"2024-09-09T12:51:55","date_gmt":"2024-09-09T10:51:55","guid":{"rendered":"https:\/\/www.belybas.fr\/?page_id=56"},"modified":"2024-09-12T11:55:37","modified_gmt":"2024-09-12T09:55:37","slug":"actualites","status":"publish","type":"page","link":"https:\/\/www.belybas.fr\/?page_id=56","title":{"rendered":"Actualit\u00e9s"},"content":{"rendered":"<p>[et_pb_section fb_built=&#8221;1&#8243; admin_label=&#8221;Header &#038; Post Slider&#8221; _builder_version=&#8221;4.23.2&#8243; _module_preset=&#8221;default&#8221; background_color=&#8221;gcid-fc7afca1-7302-4e55-829d-3d445387c282&#8243; collapsed=&#8221;on&#8221; global_colors_info=&#8221;{%22gcid-fc7afca1-7302-4e55-829d-3d445387c282%22:%91%22background_color%22%93}&#8221;][et_pb_row _builder_version=&#8221;4.23.2&#8243; _module_preset=&#8221;default&#8221; global_colors_info=&#8221;{}&#8221;][et_pb_column type=&#8221;4_4&#8243; _builder_version=&#8221;4.23.2&#8243; _module_preset=&#8221;default&#8221; global_colors_info=&#8221;{}&#8221;][et_pb_text _builder_version=&#8221;4.24.0&#8243; _module_preset=&#8221;d50e9070-8192-43b5-8721-30f7d5575552&#8243; header_text_color=&#8221;gcid-3c3581c1-f373-4686-aa51-f9f01c8ffd79&#8243; text_orientation=&#8221;center&#8221; global_colors_info=&#8221;{%22gcid-3c3581c1-f373-4686-aa51-f9f01c8ffd79%22:%91%22header_text_color%22%93}&#8221;]<\/p>\n<h1>Actualit\u00e9s<\/h1>\n<p>[\/et_pb_text][et_pb_post_slider posts_number=&#8221;3&#8243; include_categories=&#8221;25&#8243; bg_overlay_color=&#8221;rgba(249,244,241,0.85)&#8221; arrows_custom_color=&#8221;gcid-33ba488a-a977-4fcb-9562-ca062f22498f&#8221; dot_nav_custom_color=&#8221;gcid-33ba488a-a977-4fcb-9562-ca062f22498f&#8221; _builder_version=&#8221;4.23.2&#8243; _module_preset=&#8221;default&#8221; header_font=&#8221;Hedvig Letters Serif||||||||&#8221; header_text_color=&#8221;gcid-3c3581c1-f373-4686-aa51-f9f01c8ffd79&#8243; header_font_size=&#8221;36px&#8221; header_line_height=&#8221;1.4em&#8221; body_font=&#8221;Inter||||||||&#8221; body_text_color=&#8221;gcid-75f8feef-8e89-48de-a593-3e169dc48f01&#8243; body_font_size=&#8221;16px&#8221; body_line_height=&#8221;1.8em&#8221; meta_font=&#8221;Inter|700|||||||&#8221; meta_text_color=&#8221;gcid-33ba488a-a977-4fcb-9562-ca062f22498f&#8221; meta_font_size=&#8221;14px&#8221; meta_line_height=&#8221;1.6em&#8221; custom_button=&#8221;on&#8221; button_text_size=&#8221;13px&#8221; button_text_color=&#8221;#FFFFFF&#8221; button_bg_color=&#8221;gcid-33ba488a-a977-4fcb-9562-ca062f22498f&#8221; button_border_width=&#8221;0px&#8221; button_border_radius=&#8221;0px&#8221; button_letter_spacing=&#8221;0.16em&#8221; button_font=&#8221;Inter|700||on|||||&#8221; button_custom_padding=&#8221;14px|20px|14px|20px|true|true&#8221; header_font_size_tablet=&#8221;20px&#8221; header_font_size_phone=&#8221;16px&#8221; header_font_size_last_edited=&#8221;on|desktop&#8221; body_font_size_tablet=&#8221;15px&#8221; body_font_size_phone=&#8221;14px&#8221; body_font_size_last_edited=&#8221;on|desktop&#8221; text_shadow_style=&#8221;preset1&#8243; text_shadow_color=&#8221;RGBA(255,255,255,0)&#8221; locked=&#8221;off&#8221; global_colors_info=&#8221;{%22gcid-33ba488a-a977-4fcb-9562-ca062f22498f%22:%91%22button_bg_color%22,%22arrows_custom_color%22,%22dot_nav_custom_color%22,%22arrows_custom_color%22,%22dot_nav_custom_color%22,%22meta_text_color%22%93,%22gcid-3c3581c1-f373-4686-aa51-f9f01c8ffd79%22:%91%22form_field_focus_text_color%22,%22header_text_color%22%93,%22gcid-75f8feef-8e89-48de-a593-3e169dc48f01%22:%91%22text_text_color%22,%22body_text_color%22%93}&#8221;][\/et_pb_post_slider][\/et_pb_column][\/et_pb_row][et_pb_row _builder_version=&#8221;4.23.2&#8243; _module_preset=&#8221;default&#8221; global_colors_info=&#8221;{}&#8221;][et_pb_column type=&#8221;4_4&#8243; _builder_version=&#8221;4.23.2&#8243; _module_preset=&#8221;default&#8221; global_colors_info=&#8221;{}&#8221;][et_pb_blog posts_number=&#8221;3&#8243; include_categories=&#8221;21&#8243; show_more=&#8221;on&#8221; show_author=&#8221;off&#8221; _builder_version=&#8221;4.23.2&#8243; _module_preset=&#8221;default&#8221; header_font=&#8221;Inter|700||on|||||&#8221; header_text_color=&#8221;gcid-3c3581c1-f373-4686-aa51-f9f01c8ffd79&#8243; header_font_size=&#8221;36px&#8221; header_line_height=&#8221;1.4em&#8221; body_font=&#8221;Inter||||||||&#8221; body_text_color=&#8221;gcid-75f8feef-8e89-48de-a593-3e169dc48f01&#8243; body_line_height=&#8221;1.6em&#8221; meta_font=&#8221;Inter||||||||&#8221; meta_text_color=&#8221;gcid-33ba488a-a977-4fcb-9562-ca062f22498f&#8221; meta_font_size=&#8221;14px&#8221; meta_line_height=&#8221;1.6em&#8221; read_more_font=&#8221;Inter|700||on|||||&#8221; read_more_text_color=&#8221;gcid-33ba488a-a977-4fcb-9562-ca062f22498f&#8221; read_more_font_size=&#8221;13px&#8221; read_more_letter_spacing=&#8221;0.16em&#8221; pagination_font=&#8221;Inter|700||on|||||&#8221; pagination_text_color=&#8221;gcid-33ba488a-a977-4fcb-9562-ca062f22498f&#8221; pagination_font_size=&#8221;13px&#8221; pagination_letter_spacing=&#8221;0.16em&#8221; header_font_size_tablet=&#8221;25px&#8221; header_font_size_phone=&#8221;14px&#8221; header_font_size_last_edited=&#8221;on|desktop&#8221; border_width_all=&#8221;0px&#8221; locked=&#8221;off&#8221; global_colors_info=&#8221;{%22gcid-75f8feef-8e89-48de-a593-3e169dc48f01%22:%91%22text_text_color%22,%22text_text_color%22,%22body_text_color%22%93,%22gcid-33ba488a-a977-4fcb-9562-ca062f22498f%22:%91%22button_bg_color%22,%22arrows_custom_color%22,%22dot_nav_custom_color%22,%22meta_text_color%22,%22read_more_text_color%22,%22pagination_text_color%22%93,%22gcid-3c3581c1-f373-4686-aa51-f9f01c8ffd79%22:%91%22body_text_color%22,%22form_field_focus_text_color%22,%22header_text_color%22%93,%22gcid-fc7afca1-7302-4e55-829d-3d445387c282%22:%91%22button_border_color%22%93}&#8221;][\/et_pb_blog][\/et_pb_column][\/et_pb_row][\/et_pb_section][et_pb_section fb_built=&#8221;1&#8243; admin_label=&#8221;Subscribe&#8221; _builder_version=&#8221;4.23.2&#8243; _module_preset=&#8221;default&#8221; background_color=&#8221;gcid-fc7afca1-7302-4e55-829d-3d445387c282&#8243; collapsed=&#8221;on&#8221; global_colors_info=&#8221;{%22gcid-fc7afca1-7302-4e55-829d-3d445387c282%22:%91%22background_color%22%93}&#8221;][\/et_pb_section][et_pb_section fb_built=&#8221;1&#8243; admin_label=&#8221;Footer&#8221; _builder_version=&#8221;4.23.2&#8243; _module_preset=&#8221;default&#8221; background_color=&#8221;gcid-fc7afca1-7302-4e55-829d-3d445387c282&#8243; saved_tabs=&#8221;all&#8221; collapsed=&#8221;on&#8221; global_colors_info=&#8221;{%22gcid-fc7afca1-7302-4e55-829d-3d445387c282%22:%91%22background_color%22%93}&#8221; theme_builder_area=&#8221;post_content&#8221;][et_pb_row _builder_version=&#8221;4.23.2&#8243; _module_preset=&#8221;default&#8221; global_colors_info=&#8221;{}&#8221; theme_builder_area=&#8221;post_content&#8221;][et_pb_column type=&#8221;4_4&#8243; _builder_version=&#8221;4.23.2&#8243; _module_preset=&#8221;default&#8221; global_colors_info=&#8221;{}&#8221; theme_builder_area=&#8221;post_content&#8221;][et_pb_text _builder_version=&#8221;4.23.2&#8243; _module_preset=&#8221;6ca91125-bfde-4f76-8e51-7a554ff35935&#8243; header_2_text_color=&#8221;gcid-3c3581c1-f373-4686-aa51-f9f01c8ffd79&#8243; custom_margin=&#8221;||10px||false|false&#8221; global_colors_info=&#8221;{%22gcid-3c3581c1-f373-4686-aa51-f9f01c8ffd79%22:%91%22header_2_text_color%22%93}&#8221; theme_builder_area=&#8221;post_content&#8221;]<\/p>\n<h2>B\u00e9ly Bas &#8211; G\u00eete de Groupe<\/h2>\n<p>[\/et_pb_text][\/et_pb_column][\/et_pb_row][et_pb_row column_structure=&#8221;1_3,1_3,1_3&#8243; _builder_version=&#8221;4.23.2&#8243; _module_preset=&#8221;default&#8221; global_colors_info=&#8221;{}&#8221; theme_builder_area=&#8221;post_content&#8221;][et_pb_column type=&#8221;1_3&#8243; _builder_version=&#8221;4.23.2&#8243; _module_preset=&#8221;default&#8221; global_colors_info=&#8221;{}&#8221; theme_builder_area=&#8221;post_content&#8221;][et_pb_text _builder_version=&#8221;4.24.0&#8243; _module_preset=&#8221;b991b311-5e19-475f-99d7-6d1d39d5ec19&#8243; header_5_text_color=&#8221;gcid-3c3581c1-f373-4686-aa51-f9f01c8ffd79&#8243; custom_margin=&#8221;||10px||false|false&#8221; global_colors_info=&#8221;{%22gcid-3c3581c1-f373-4686-aa51-f9f01c8ffd79%22:%91%22header_5_text_color%22%93}&#8221; theme_builder_area=&#8221;post_content&#8221;]<\/p>\n<h5>Location Gite<\/h5>\n<p>[\/et_pb_text][et_pb_text _builder_version=&#8221;4.24.0&#8243; _module_preset=&#8221;34ec2e61-a386-4728-b1a8-892eb3668ab9&#8243; text_text_color=&#8221;gcid-75f8feef-8e89-48de-a593-3e169dc48f01&#8243; global_colors_info=&#8221;{%22gcid-75f8feef-8e89-48de-a593-3e169dc48f01%22:%91%22text_text_color%22%93}&#8221; theme_builder_area=&#8221;post_content&#8221;]<\/p>\n<p>318 Impasse de B\u00e9ly Bas<br \/>47500 Cuzorn<\/p>\n<p>Lot et Garonne<\/p>\n<p>[\/et_pb_text][et_pb_social_media_follow _builder_version=&#8221;4.24.0&#8243; _module_preset=&#8221;default&#8221; border_radii=&#8221;on|100px|100px|100px|100px&#8221; global_colors_info=&#8221;{}&#8221; theme_builder_area=&#8221;post_content&#8221;][et_pb_social_media_follow_network social_network=&#8221;facebook&#8221; _builder_version=&#8221;4.23.2&#8243; _module_preset=&#8221;default&#8221; background_color=&#8221;gcid-3c3581c1-f373-4686-aa51-f9f01c8ffd79&#8243; background_enable_color=&#8221;on&#8221; custom_padding=&#8221;4px|4px|4px|4px|true|true&#8221; global_colors_info=&#8221;{%22gcid-3c3581c1-f373-4686-aa51-f9f01c8ffd79%22:%91%22background_color%22%93}&#8221; theme_builder_area=&#8221;post_content&#8221; follow_button=&#8221;off&#8221; url_new_window=&#8221;on&#8221;]facebook[\/et_pb_social_media_follow_network][et_pb_social_media_follow_network social_network=&#8221;instagram&#8221; _builder_version=&#8221;4.23.2&#8243; _module_preset=&#8221;default&#8221; background_color=&#8221;gcid-3c3581c1-f373-4686-aa51-f9f01c8ffd79&#8243; background_enable_color=&#8221;on&#8221; custom_padding=&#8221;4px|4px|4px|4px|true|true&#8221; global_colors_info=&#8221;{%22gcid-3c3581c1-f373-4686-aa51-f9f01c8ffd79%22:%91%22background_color%22%93}&#8221; theme_builder_area=&#8221;post_content&#8221; follow_button=&#8221;off&#8221; url_new_window=&#8221;on&#8221;]instagram[\/et_pb_social_media_follow_network][\/et_pb_social_media_follow][\/et_pb_column][et_pb_column type=&#8221;1_3&#8243; _builder_version=&#8221;4.23.2&#8243; _module_preset=&#8221;default&#8221; global_colors_info=&#8221;{}&#8221; theme_builder_area=&#8221;post_content&#8221;][et_pb_text _builder_version=&#8221;4.24.0&#8243; _module_preset=&#8221;b991b311-5e19-475f-99d7-6d1d39d5ec19&#8243; header_5_text_color=&#8221;gcid-3c3581c1-f373-4686-aa51-f9f01c8ffd79&#8243; custom_margin=&#8221;||10px||false|false&#8221; locked=&#8221;off&#8221; global_colors_info=&#8221;{%22gcid-3c3581c1-f373-4686-aa51-f9f01c8ffd79%22:%91%22header_5_text_color%22%93}&#8221; theme_builder_area=&#8221;post_content&#8221;]<\/p>\n<h5>Ouverture<\/h5>\n<p>[\/et_pb_text][et_pb_text _builder_version=&#8221;4.24.0&#8243; _module_preset=&#8221;34ec2e61-a386-4728-b1a8-892eb3668ab9&#8243; text_text_color=&#8221;gcid-75f8feef-8e89-48de-a593-3e169dc48f01&#8243; custom_margin=&#8221;||0px||false|false&#8221; locked=&#8221;off&#8221; global_colors_info=&#8221;{%22gcid-75f8feef-8e89-48de-a593-3e169dc48f01%22:%91%22text_text_color%22%93}&#8221; theme_builder_area=&#8221;post_content&#8221;]<\/p>\n<p>Mars &#8211; Octobre 2024<\/p>\n<p>[\/et_pb_text][et_pb_text _builder_version=&#8221;4.24.0&#8243; _module_preset=&#8221;34ec2e61-a386-4728-b1a8-892eb3668ab9&#8243; text_text_color=&#8221;gcid-75f8feef-8e89-48de-a593-3e169dc48f01&#8243; locked=&#8221;off&#8221; global_colors_info=&#8221;{%22gcid-75f8feef-8e89-48de-a593-3e169dc48f01%22:%91%22text_text_color%22%93}&#8221; theme_builder_area=&#8221;post_content&#8221;]<\/p>\n<p>Pour les r\u00e9servations pendant les mois d&#8217;hiver, veuillez nous contacter pour conna\u00eetre les disponibilit\u00e9s<\/p>\n<p>[\/et_pb_text][et_pb_text _builder_version=&#8221;4.24.0&#8243; _module_preset=&#8221;34ec2e61-a386-4728-b1a8-892eb3668ab9&#8243; text_text_color=&#8221;gcid-75f8feef-8e89-48de-a593-3e169dc48f01&#8243; custom_margin=&#8221;||0px||false|false&#8221; locked=&#8221;off&#8221; global_colors_info=&#8221;{%22gcid-75f8feef-8e89-48de-a593-3e169dc48f01%22:%91%22text_text_color%22%93}&#8221; theme_builder_area=&#8221;post_content&#8221;]<\/p>\n<p>Avril &#8211; Octobre 2025<\/p>\n<p>[\/et_pb_text][\/et_pb_column][et_pb_column type=&#8221;1_3&#8243; _builder_version=&#8221;4.23.2&#8243; _module_preset=&#8221;default&#8221; global_colors_info=&#8221;{}&#8221; theme_builder_area=&#8221;post_content&#8221;][et_pb_text _builder_version=&#8221;4.23.2&#8243; _module_preset=&#8221;b991b311-5e19-475f-99d7-6d1d39d5ec19&#8243; header_5_text_color=&#8221;gcid-3c3581c1-f373-4686-aa51-f9f01c8ffd79&#8243; custom_margin=&#8221;||10px||false|false&#8221; locked=&#8221;off&#8221; global_colors_info=&#8221;{%22gcid-3c3581c1-f373-4686-aa51-f9f01c8ffd79%22:%91%22header_5_text_color%22%93}&#8221; theme_builder_area=&#8221;post_content&#8221;]<\/p>\n<h5>Contact<\/h5>\n<p>[\/et_pb_text][et_pb_text _builder_version=&#8221;4.24.0&#8243; _module_preset=&#8221;54e504f8-ec76-4506-9a4a-cb6b25cbc0d2&#8243; header_3_text_color=&#8221;gcid-3c3581c1-f373-4686-aa51-f9f01c8ffd79&#8243; global_colors_info=&#8221;{%22gcid-3c3581c1-f373-4686-aa51-f9f01c8ffd79%22:%91%22header_3_text_color%22%93}&#8221; theme_builder_area=&#8221;post_content&#8221;]<\/p>\n<h3>+33 7 68 60 47 67<\/h3>\n<p>[\/et_pb_text][et_pb_button button_text=&#8221;R\u00e9servez&#8221; _builder_version=&#8221;4.24.0&#8243; _module_preset=&#8221;2336d747-779d-42c5-935b-e1bf99f8b1bb&#8221; button_border_color=&#8221;gcid-fc7afca1-7302-4e55-829d-3d445387c282&#8243; global_colors_info=&#8221;{%22gcid-33ba488a-a977-4fcb-9562-ca062f22498f%22:%91%22button_bg_color%22,%22button_bg_color%22%93,%22gcid-fc7afca1-7302-4e55-829d-3d445387c282%22:%91%22button_border_color%22%93}&#8221; theme_builder_area=&#8221;post_content&#8221;][\/et_pb_button][\/et_pb_column][\/et_pb_row][et_pb_row _builder_version=&#8221;4.23.2&#8243; _module_preset=&#8221;default&#8221; global_colors_info=&#8221;{}&#8221; theme_builder_area=&#8221;post_content&#8221;][et_pb_column type=&#8221;4_4&#8243; _builder_version=&#8221;4.23.2&#8243; _module_preset=&#8221;default&#8221; global_colors_info=&#8221;{}&#8221; theme_builder_area=&#8221;post_content&#8221;][et_pb_text _builder_version=&#8221;4.24.0&#8243; _dynamic_attributes=&#8221;content&#8221; _module_preset=&#8221;34ec2e61-a386-4728-b1a8-892eb3668ab9&#8243; text_text_color=&#8221;gcid-75f8feef-8e89-48de-a593-3e169dc48f01&#8243; text_orientation=&#8221;center&#8221; global_colors_info=&#8221;{%22gcid-75f8feef-8e89-48de-a593-3e169dc48f01%22:%91%22text_text_color%22%93}&#8221; theme_builder_area=&#8221;post_content&#8221;]@ET-DC@eyJkeW5hbWljIjp0cnVlLCJjb250ZW50IjoiY3VycmVudF9kYXRlIiwic2V0dGluZ3MiOnsiYmVmb3JlIjoiQ29weXJpZ2h0ICZjb3B5OyAiLCJhZnRlciI6IiBCXHUwMGU5bHkgQmFzLiBBbGwgUmlnaHRzIFJlc2VydmVkIiwiZGF0ZV9mb3JtYXQiOiJjdXN0b20iLCJjdXN0b21fZGF0ZV9mb3JtYXQiOiJZIn19@[\/et_pb_text][\/et_pb_column][\/et_pb_row][\/et_pb_section]<\/p>\n","protected":false},"excerpt":{"rendered":"<p>Actualit\u00e9sB\u00e9ly Bas &#8211; G\u00eete de GroupeLocation Gite318 Impasse de B\u00e9ly Bas47500 Cuzorn Lot et GaronneOuvertureMars &#8211; Octobre 2024Pour les r\u00e9servations pendant les mois d&#8217;hiver, veuillez nous contacter pour conna\u00eetre les disponibilit\u00e9sAvril &#8211; Octobre 2025Contact+33 7 68 60 47 67<\/p>\n","protected":false},"author":1,"featured_media":0,"parent":8,"menu_order":0,"comment_status":"closed","ping_status":"closed","template":"","meta":{"_et_pb_use_builder":"on","_et_pb_old_content":"","_et_gb_content_width":"","footnotes":""},"class_list":["post-56","page","type-page","status-publish","hentry"],"_links":{"self":[{"href":"https:\/\/www.belybas.fr\/index.php?rest_route=\/wp\/v2\/pages\/56","targetHints":{"allow":["GET"]}}],"collection":[{"href":"https:\/\/www.belybas.fr\/index.php?rest_route=\/wp\/v2\/pages"}],"about":[{"href":"https:\/\/www.belybas.fr\/index.php?rest_route=\/wp\/v2\/types\/page"}],"author":[{"embeddable":true,"href":"https:\/\/www.belybas.fr\/index.php?rest_route=\/wp\/v2\/users\/1"}],"replies":[{"embeddable":true,"href":"https:\/\/www.belybas.fr\/index.php?rest_route=%2Fwp%2Fv2%2Fcomments&post=56"}],"version-history":[{"count":5,"href":"https:\/\/www.belybas.fr\/index.php?rest_route=\/wp\/v2\/pages\/56\/revisions"}],"predecessor-version":[{"id":87,"href":"https:\/\/www.belybas.fr\/index.php?rest_route=\/wp\/v2\/pages\/56\/revisions\/87"}],"up":[{"embeddable":true,"href":"https:\/\/www.belybas.fr\/index.php?rest_route=\/wp\/v2\/pages\/8"}],"wp:attachment":[{"href":"https:\/\/www.belybas.fr\/index.php?rest_route=%2Fwp%2Fv2%2Fmedia&parent=56"}],"curies":[{"name":"wp","href":"https:\/\/api.w.org\/{rel}","templated":true}]}}